{"id":5282,"date":"2023-04-29T17:23:31","date_gmt":"2023-04-29T16:23:31","guid":{"rendered":"https:\/\/www.kopi-online.de\/wordpress\/?page_id=5282"},"modified":"2026-03-14T20:18:45","modified_gmt":"2026-03-14T19:18:45","slug":"nakba","status":"publish","type":"page","link":"https:\/\/www.kopi-online.de\/wordpress\/?page_id=5282","title":{"rendered":"Nakba &#8211; Die Vertreibung der Pal\u00e4stinenser*innen"},"content":{"rendered":"Literatur zu Israel\/Pal\u00e4stina (kursiv: Erl\u00e4uterungen, wo angebracht):\r\n\r\n\r\n\r\n\r\n\r\n\r\n\r\n\r\n\r\n\r\n\r\n\r\nRashid Khalidi: \u201eDer Hundertj\u00e4hrige Krieg In Pal\u00e4stina\u201c, Unionsverlag, Z\u00fcrich 2024\r\nIlan Pappe, Die ethnische S\u00e4uberung Pal\u00e4stinas (Auflage 2023) ISBN: 978-3-86489-258-5, Westend Verlag\r\nJeff Halper, Ein Israeli in Pal\u00e4stina: Israel vom Kolonialismus erl\u00f6sen, 2010\r\nJonathan Cook, Disappearing Palestine. Israel\u2019s Experiment in Human Despair\r\nSari Nusseibeh, Es war einmal ein Land. Ein Leben <a href=\"https:\/\/www.kopi-online.de\/wordpress\/?page_id=5282\" class=\"more-link\">...\u00a0weiterlesen<\/a>","protected":false},"excerpt":{"rendered":"<p>Literatur zu Israel\/Pal\u00e4stina (kursiv: Erl\u00e4uterungen, wo angebracht): Rashid Khalidi: \u201eDer Hundertj\u00e4hrige Krieg In Pal\u00e4stina\u201c, Unionsverlag, Z\u00fcrich 2024 Ilan Pappe, Die ethnische S\u00e4uberung Pal\u00e4stinas (Auflage 2023) ISBN: 978-3-86489-258-5, Westend Verlag Jeff Halper, Ein Israeli in Pal\u00e4stina: Israel vom Kolonialismus erl\u00f6sen, 2010 &hellip; <a href=\"https:\/\/www.kopi-online.de\/wordpress\/?page_id=5282\">Weiterlesen <span class=\"meta-nav\">&rarr;<\/span><\/a><\/p>\n","protected":false},"author":20,"featured_media":0,"parent":0,"menu_order":0,"comment_status":"closed","ping_status":"closed","template":"","meta":{"footnotes":""},"class_list":["post-5282","page","type-page","status-publish","hentry"],"_links":{"self":[{"href":"https:\/\/www.kopi-online.de\/wordpress\/index.php?rest_route=\/wp\/v2\/pages\/5282","targetHints":{"allow":["GET"]}}],"collection":[{"href":"https:\/\/www.kopi-online.de\/wordpress\/index.php?rest_route=\/wp\/v2\/pages"}],"about":[{"href":"https:\/\/www.kopi-online.de\/wordpress\/index.php?rest_route=\/wp\/v2\/types\/page"}],"author":[{"embeddable":true,"href":"https:\/\/www.kopi-online.de\/wordpress\/index.php?rest_route=\/wp\/v2\/users\/20"}],"replies":[{"embeddable":true,"href":"https:\/\/www.kopi-online.de\/wordpress\/index.php?rest_route=%2Fwp%2Fv2%2Fcomments&post=5282"}],"version-history":[{"count":9,"href":"https:\/\/www.kopi-online.de\/wordpress\/index.php?rest_route=\/wp\/v2\/pages\/5282\/revisions"}],"predecessor-version":[{"id":5290,"href":"https:\/\/www.kopi-online.de\/wordpress\/index.php?rest_route=\/wp\/v2\/pages\/5282\/revisions\/5290"}],"wp:attachment":[{"href":"https:\/\/www.kopi-online.de\/wordpress\/index.php?rest_route=%2Fwp%2Fv2%2Fmedia&parent=5282"}],"curies":[{"name":"wp","href":"https:\/\/api.w.org\/{rel}","templated":true}]}}