{"id":5019,"date":"2021-02-18T19:20:29","date_gmt":"2021-02-18T18:20:29","guid":{"rendered":"https:\/\/www.kopi-online.de\/wordpress\/?page_id=5019"},"modified":"2021-02-22T09:47:49","modified_gmt":"2021-02-22T08:47:49","slug":"allgemeine-termine","status":"publish","type":"page","link":"https:\/\/www.kopi-online.de\/wordpress\/?page_id=5019","title":{"rendered":"Allgemeine Termine"},"content":{"rendered":"\r\nAktuelle Termine zum Thema Israel\/Pal\u00e4stina gibt es unter\r\n\r\n\tPal\u00e4stina Solidarit\u00e4t\r\n\tNetzwerk Friedenskooperative: hier den \u201eFilter f\u00fcr Themen und Datum\u201c anklicken und dann unter Themen \u201eIsrael\/Pal\u00e4stina\u201c ausw\u00e4hlen\r\n\r\n\r\nTermine\r\n\r\n <a href=\"https:\/\/www.kopi-online.de\/wordpress\/?page_id=5019\" class=\"more-link\">...\u00a0weiterlesen<\/a>","protected":false},"excerpt":{"rendered":"<p>Aktuelle Termine zum Thema Israel\/Pal\u00e4stina gibt es unter Pal\u00e4stina Solidarit\u00e4t Netzwerk Friedenskooperative: hier den \u201eFilter f\u00fcr Themen und Datum\u201c anklicken und dann unter Themen \u201eIsrael\/Pal\u00e4stina\u201c ausw\u00e4hlen Termine &#8230;\u00a0weiterlesen<\/p>\n","protected":false},"author":20,"featured_media":0,"parent":0,"menu_order":0,"comment_status":"closed","ping_status":"closed","template":"","meta":{"footnotes":""},"class_list":["post-5019","page","type-page","status-publish","hentry"],"_links":{"self":[{"href":"https:\/\/www.kopi-online.de\/wordpress\/index.php?rest_route=\/wp\/v2\/pages\/5019","targetHints":{"allow":["GET"]}}],"collection":[{"href":"https:\/\/www.kopi-online.de\/wordpress\/index.php?rest_route=\/wp\/v2\/pages"}],"about":[{"href":"https:\/\/www.kopi-online.de\/wordpress\/index.php?rest_route=\/wp\/v2\/types\/page"}],"author":[{"embeddable":true,"href":"https:\/\/www.kopi-online.de\/wordpress\/index.php?rest_route=\/wp\/v2\/users\/20"}],"replies":[{"embeddable":true,"href":"https:\/\/www.kopi-online.de\/wordpress\/index.php?rest_route=%2Fwp%2Fv2%2Fcomments&post=5019"}],"version-history":[{"count":6,"href":"https:\/\/www.kopi-online.de\/wordpress\/index.php?rest_route=\/wp\/v2\/pages\/5019\/revisions"}],"predecessor-version":[{"id":5039,"href":"https:\/\/www.kopi-online.de\/wordpress\/index.php?rest_route=\/wp\/v2\/pages\/5019\/revisions\/5039"}],"wp:attachment":[{"href":"https:\/\/www.kopi-online.de\/wordpress\/index.php?rest_route=%2Fwp%2Fv2%2Fmedia&parent=5019"}],"curies":[{"name":"wp","href":"https:\/\/api.w.org\/{rel}","templated":true}]}}