{"id":268,"date":"2014-08-08T09:09:56","date_gmt":"2014-08-08T08:09:56","guid":{"rendered":"http:\/\/www.kopi-online.de\/wordpress\/?page_id=268"},"modified":"2021-02-16T10:01:39","modified_gmt":"2021-02-16T09:01:39","slug":"testseite","status":"publish","type":"page","link":"https:\/\/www.kopi-online.de\/wordpress\/?page_id=268","title":{"rendered":"Termine"},"content":{"rendered":"Aktuelle Termine zum Thema Israel\/Pal\u00e4stina gibt es unter\r\n\r\n\tPal\u00e4stina Solidarit\u00e4t\r\n\tNetzwerk Friedenskooperative: hier den \"Filter f\u00fcr Themen und Datum\" anklicken und dann unter Themen \"Israel\/Pal\u00e4stina\" ausw\u00e4hlen\r\n\r\nKopi-Termine:\r\n\r\n <a href=\"https:\/\/www.kopi-online.de\/wordpress\/?page_id=268\" class=\"more-link\">...\u00a0weiterlesen<\/a>","protected":false},"excerpt":{"rendered":"<p>Aktuelle Termine zum Thema Israel\/Pal\u00e4stina gibt es unter Pal\u00e4stina Solidarit\u00e4t Netzwerk Friedenskooperative: hier den &#8222;Filter f\u00fcr Themen und Datum&#8220; anklicken und dann unter Themen &#8222;Israel\/Pal\u00e4stina&#8220; ausw\u00e4hlen Kopi-Termine: &#8230;\u00a0weiterlesen<\/p>\n","protected":false},"author":1,"featured_media":0,"parent":0,"menu_order":0,"comment_status":"closed","ping_status":"closed","template":"","meta":{"footnotes":""},"class_list":["post-268","page","type-page","status-publish","hentry"],"_links":{"self":[{"href":"https:\/\/www.kopi-online.de\/wordpress\/index.php?rest_route=\/wp\/v2\/pages\/268","targetHints":{"allow":["GET"]}}],"collection":[{"href":"https:\/\/www.kopi-online.de\/wordpress\/index.php?rest_route=\/wp\/v2\/pages"}],"about":[{"href":"https:\/\/www.kopi-online.de\/wordpress\/index.php?rest_route=\/wp\/v2\/types\/page"}],"author":[{"embeddable":true,"href":"https:\/\/www.kopi-online.de\/wordpress\/index.php?rest_route=\/wp\/v2\/users\/1"}],"replies":[{"embeddable":true,"href":"https:\/\/www.kopi-online.de\/wordpress\/index.php?rest_route=%2Fwp%2Fv2%2Fcomments&post=268"}],"version-history":[{"count":81,"href":"https:\/\/www.kopi-online.de\/wordpress\/index.php?rest_route=\/wp\/v2\/pages\/268\/revisions"}],"predecessor-version":[{"id":4991,"href":"https:\/\/www.kopi-online.de\/wordpress\/index.php?rest_route=\/wp\/v2\/pages\/268\/revisions\/4991"}],"wp:attachment":[{"href":"https:\/\/www.kopi-online.de\/wordpress\/index.php?rest_route=%2Fwp%2Fv2%2Fmedia&parent=268"}],"curies":[{"name":"wp","href":"https:\/\/api.w.org\/{rel}","templated":true}]}}