{"id":26,"date":"2014-07-29T23:14:50","date_gmt":"2014-07-29T22:14:50","guid":{"rendered":"http:\/\/www.kopi-online.de\/wordpress\/?page_id=26"},"modified":"2025-11-18T10:30:33","modified_gmt":"2025-11-18T09:30:33","slug":"plattform-des-koordinationskreises","status":"publish","type":"page","link":"https:\/\/www.kopi-online.de\/wordpress\/?page_id=26","title":{"rendered":"\u00dcber den Deutschen Koordinationskreis Pal\u00e4stina Israel"},"content":{"rendered":"Der Deutsche Koordinationskreis Pal\u00e4stina Israel - f\u00fcr ein Ende der Besatzung und f\u00fcr einen gerechten Frieden (KoPI) versteht sich als Netzwerk f\u00fcr Informations-, Bildungs- und Kampagnenarbeit zum Nahostkonflikt.\r\nIm Koordinationskreis sind 39 bundesweit und regional arbeitende Friedens-, Menschenrechts- und Solidarit\u00e4tsgruppen vernetzt.\r\nZentrales Anliegen des B\u00fcndnisses ist es, in der deutschen \u00d6ffentlichkeit und gegen\u00fcber den Verantwortlichen in Regierung und Parlamenten auf die Notwendigkeit <a href=\"https:\/\/www.kopi-online.de\/wordpress\/?page_id=26\" class=\"more-link\">...\u00a0weiterlesen<\/a>","protected":false},"excerpt":{"rendered":"<p>Der Deutsche Koordinationskreis Pal\u00e4stina Israel &#8211; f\u00fcr ein Ende der Besatzung und f\u00fcr einen gerechten Frieden (KoPI) versteht sich als Netzwerk f\u00fcr Informations-, Bildungs- und Kampagnenarbeit zum Nahostkonflikt. Im Koordinationskreis sind 39 bundesweit und regional arbeitende Friedens-, Menschenrechts- und Solidarit\u00e4tsgruppen &hellip; <a href=\"https:\/\/www.kopi-online.de\/wordpress\/?page_id=26\">Weiterlesen <span class=\"meta-nav\">&rarr;<\/span><\/a><\/p>\n","protected":false},"author":1,"featured_media":0,"parent":0,"menu_order":0,"comment_status":"closed","ping_status":"closed","template":"","meta":{"footnotes":""},"class_list":["post-26","page","type-page","status-publish","hentry"],"_links":{"self":[{"href":"https:\/\/www.kopi-online.de\/wordpress\/index.php?rest_route=\/wp\/v2\/pages\/26","targetHints":{"allow":["GET"]}}],"collection":[{"href":"https:\/\/www.kopi-online.de\/wordpress\/index.php?rest_route=\/wp\/v2\/pages"}],"about":[{"href":"https:\/\/www.kopi-online.de\/wordpress\/index.php?rest_route=\/wp\/v2\/types\/page"}],"author":[{"embeddable":true,"href":"https:\/\/www.kopi-online.de\/wordpress\/index.php?rest_route=\/wp\/v2\/users\/1"}],"replies":[{"embeddable":true,"href":"https:\/\/www.kopi-online.de\/wordpress\/index.php?rest_route=%2Fwp%2Fv2%2Fcomments&post=26"}],"version-history":[{"count":18,"href":"https:\/\/www.kopi-online.de\/wordpress\/index.php?rest_route=\/wp\/v2\/pages\/26\/revisions"}],"predecessor-version":[{"id":5612,"href":"https:\/\/www.kopi-online.de\/wordpress\/index.php?rest_route=\/wp\/v2\/pages\/26\/revisions\/5612"}],"wp:attachment":[{"href":"https:\/\/www.kopi-online.de\/wordpress\/index.php?rest_route=%2Fwp%2Fv2%2Fmedia&parent=26"}],"curies":[{"name":"wp","href":"https:\/\/api.w.org\/{rel}","templated":true}]}}