{"id":2250,"date":"2015-05-05T10:23:16","date_gmt":"2015-05-05T09:23:16","guid":{"rendered":"http:\/\/www.kopi-online.de\/wordpress\/?page_id=2250"},"modified":"2026-01-16T16:19:05","modified_gmt":"2026-01-16T15:19:05","slug":"reisen","status":"publish","type":"page","link":"https:\/\/www.kopi-online.de\/wordpress\/?page_id=2250","title":{"rendered":"Reisen: Pal\u00e4stina, Israel"},"content":{"rendered":"Mehrere Organisationen bieten Solidarit\u00e4ts-Aufenthalte bzw Arbeitseins\u00e4tze in Pal\u00e4stina an\r\n\r\n\tEAPPI, das \u00d6kumenische Begleitprogramm (Ecumenical Accompaniment Programme in Palestine and Israel), das in Deutschland von Pax Christi und dem Berliner Missionswerk getragen wird, bietet 3-monatige Aufenthalte als Begleitperson an.\r\n\r\nReisen von KoPI-Mitgliedsgruppen\r\n\r\nReisef\u00fchrer: PAL\u00c4STINA REISEHANDBUCH, Alternative Tourism Group \r\nGeschichte \u00b7 Politik \u00b7 Kultur \u00b7 Menschen \u00b7 St\u00e4dte \u00b7 Landschaften <a href=\"https:\/\/www.kopi-online.de\/wordpress\/?page_id=2250\" class=\"more-link\">...\u00a0weiterlesen<\/a>","protected":false},"excerpt":{"rendered":"<p>Mehrere Organisationen bieten Solidarit\u00e4ts-Aufenthalte bzw Arbeitseins\u00e4tze in Pal\u00e4stina an EAPPI, das \u00d6kumenische Begleitprogramm (Ecumenical Accompaniment Programme in Palestine and Israel), das in Deutschland von Pax Christi und dem Berliner Missionswerk getragen wird, bietet 3-monatige Aufenthalte als Begleitperson an. Reisen von &hellip; <a href=\"https:\/\/www.kopi-online.de\/wordpress\/?page_id=2250\">Weiterlesen <span class=\"meta-nav\">&rarr;<\/span><\/a><\/p>\n","protected":false},"author":1,"featured_media":0,"parent":0,"menu_order":0,"comment_status":"closed","ping_status":"closed","template":"","meta":{"footnotes":""},"class_list":["post-2250","page","type-page","status-publish","hentry"],"_links":{"self":[{"href":"https:\/\/www.kopi-online.de\/wordpress\/index.php?rest_route=\/wp\/v2\/pages\/2250","targetHints":{"allow":["GET"]}}],"collection":[{"href":"https:\/\/www.kopi-online.de\/wordpress\/index.php?rest_route=\/wp\/v2\/pages"}],"about":[{"href":"https:\/\/www.kopi-online.de\/wordpress\/index.php?rest_route=\/wp\/v2\/types\/page"}],"author":[{"embeddable":true,"href":"https:\/\/www.kopi-online.de\/wordpress\/index.php?rest_route=\/wp\/v2\/users\/1"}],"replies":[{"embeddable":true,"href":"https:\/\/www.kopi-online.de\/wordpress\/index.php?rest_route=%2Fwp%2Fv2%2Fcomments&post=2250"}],"version-history":[{"count":62,"href":"https:\/\/www.kopi-online.de\/wordpress\/index.php?rest_route=\/wp\/v2\/pages\/2250\/revisions"}],"predecessor-version":[{"id":5644,"href":"https:\/\/www.kopi-online.de\/wordpress\/index.php?rest_route=\/wp\/v2\/pages\/2250\/revisions\/5644"}],"wp:attachment":[{"href":"https:\/\/www.kopi-online.de\/wordpress\/index.php?rest_route=%2Fwp%2Fv2%2Fmedia&parent=2250"}],"curies":[{"name":"wp","href":"https:\/\/api.w.org\/{rel}","templated":true}]}}