{"id":14,"date":"2014-07-29T22:26:35","date_gmt":"2014-07-29T21:26:35","guid":{"rendered":"http:\/\/www.kopi-online.de\/wordpress\/?page_id=14"},"modified":"2024-02-28T13:03:51","modified_gmt":"2024-02-28T12:03:51","slug":"kontakt-und-impressum","status":"publish","type":"page","link":"https:\/\/www.kopi-online.de\/wordpress\/?page_id=14","title":{"rendered":"Kontakt"},"content":{"rendered":"\r\nKoPI wird nach au\u00dfen und innen von einem SprecherInnenkreis vertreten, dem gegenw\u00e4rtig angeh\u00f6ren:\r\nGisela Siebourg, DPG, Berlin\r\nGeorge Rashmawi, PGD, Hennef\r\nMarius Stark, Pax Christi Nahost-Kommission, Neuss\r\nClaus Walischewski, ICAHD, Bremen\r\nKontakt\r\nEmail: kontakt@kopi-online.de\r\nBeitr\u00e4ge dieser Webseite\r\nAuf dieser Webseite ver\u00f6ffentlichen KoPI, aber auch einzelne KoPI-Mitgliedsgruppen Informationen und Aufrufe. Die Aussagen einzelner Beitr\u00e4ge werden nicht unbedingt von allen Gruppen <a href=\"https:\/\/www.kopi-online.de\/wordpress\/?page_id=14\" class=\"more-link\">...\u00a0weiterlesen<\/a>","protected":false},"excerpt":{"rendered":"<p>KoPI wird nach au\u00dfen und innen von einem SprecherInnenkreis vertreten, dem gegenw\u00e4rtig angeh\u00f6ren: Gisela Siebourg, DPG, Berlin George Rashmawi, PGD, Hennef Marius Stark, Pax Christi Nahost-Kommission, Neuss Claus Walischewski, ICAHD, Bremen Kontakt Email: kontakt Beitr\u00e4ge dieser Webseite Auf dieser Webseite &hellip; <a href=\"https:\/\/www.kopi-online.de\/wordpress\/?page_id=14\">Weiterlesen <span class=\"meta-nav\">&rarr;<\/span><\/a><\/p>\n","protected":false},"author":1,"featured_media":0,"parent":0,"menu_order":0,"comment_status":"closed","ping_status":"closed","template":"","meta":{"footnotes":""},"class_list":["post-14","page","type-page","status-publish","hentry"],"_links":{"self":[{"href":"https:\/\/www.kopi-online.de\/wordpress\/index.php?rest_route=\/wp\/v2\/pages\/14","targetHints":{"allow":["GET"]}}],"collection":[{"href":"https:\/\/www.kopi-online.de\/wordpress\/index.php?rest_route=\/wp\/v2\/pages"}],"about":[{"href":"https:\/\/www.kopi-online.de\/wordpress\/index.php?rest_route=\/wp\/v2\/types\/page"}],"author":[{"embeddable":true,"href":"https:\/\/www.kopi-online.de\/wordpress\/index.php?rest_route=\/wp\/v2\/users\/1"}],"replies":[{"embeddable":true,"href":"https:\/\/www.kopi-online.de\/wordpress\/index.php?rest_route=%2Fwp%2Fv2%2Fcomments&post=14"}],"version-history":[{"count":16,"href":"https:\/\/www.kopi-online.de\/wordpress\/index.php?rest_route=\/wp\/v2\/pages\/14\/revisions"}],"predecessor-version":[{"id":5393,"href":"https:\/\/www.kopi-online.de\/wordpress\/index.php?rest_route=\/wp\/v2\/pages\/14\/revisions\/5393"}],"wp:attachment":[{"href":"https:\/\/www.kopi-online.de\/wordpress\/index.php?rest_route=%2Fwp%2Fv2%2Fmedia&parent=14"}],"curies":[{"name":"wp","href":"https:\/\/api.w.org\/{rel}","templated":true}]}}