{"id":113,"date":"2014-07-30T18:32:05","date_gmt":"2014-07-30T17:32:05","guid":{"rendered":"http:\/\/www.kopi-online.de\/wordpress\/?page_id=113"},"modified":"2026-03-31T13:29:02","modified_gmt":"2026-03-31T12:29:02","slug":"mitgliedsgruppen","status":"publish","type":"page","link":"https:\/\/www.kopi-online.de\/wordpress\/?page_id=113","title":{"rendered":"39 KoPI-Mitgliedsgruppen"},"content":{"rendered":"KoPI ist ein Zusammenschluss deutscher Friedens-, Menschenrechts- und \r\nSolidarit\u00e4tsorganisationen.\r\nMitglieder sind folgende Gruppen, Organisationen und Vereine:\r\nArbeitskreis Nahost Berlin \r\nArbeitskreis Pal\u00e4stina Br\u00fchl-Battir\r\nArbeitskreis Pal\u00e4stina im N\u00fcrnberger Evangelischen Forum f\u00fcr den Frieden \r\nAK Pal\u00e4stina T\u00fcbingen \r\nArbeiterfotografie, Bundesverband \r\nArbeitskreis Nahost Bremen \r\nBonner Nakba60-Gruppe \r\nB\u00fcndnis f\u00fcr Gerechtigkeit zwischen Israelis und Pal\u00e4stinensern e.V.(BIP)\r\nBundesweite <a href=\"https:\/\/www.kopi-online.de\/wordpress\/?page_id=113\" class=\"more-link\">...\u00a0weiterlesen<\/a>","protected":false},"excerpt":{"rendered":"<p>KoPI ist ein Zusammenschluss deutscher Friedens-, Menschenrechts- und Solidarit\u00e4tsorganisationen. Mitglieder sind folgende Gruppen, Organisationen und Vereine: Arbeitskreis Nahost Berlin Arbeitskreis Pal\u00e4stina Br\u00fchl-Battir Arbeitskreis Pal\u00e4stina im N\u00fcrnberger Evangelischen Forum f\u00fcr den Frieden AK Pal\u00e4stina T\u00fcbingen Arbeiterfotografie, Bundesverband Arbeitskreis Nahost Bremen Bonner &hellip; <a href=\"https:\/\/www.kopi-online.de\/wordpress\/?page_id=113\">Weiterlesen <span class=\"meta-nav\">&rarr;<\/span><\/a><\/p>\n","protected":false},"author":1,"featured_media":0,"parent":0,"menu_order":0,"comment_status":"closed","ping_status":"closed","template":"","meta":{"footnotes":""},"class_list":["post-113","page","type-page","status-publish","hentry"],"_links":{"self":[{"href":"https:\/\/www.kopi-online.de\/wordpress\/index.php?rest_route=\/wp\/v2\/pages\/113","targetHints":{"allow":["GET"]}}],"collection":[{"href":"https:\/\/www.kopi-online.de\/wordpress\/index.php?rest_route=\/wp\/v2\/pages"}],"about":[{"href":"https:\/\/www.kopi-online.de\/wordpress\/index.php?rest_route=\/wp\/v2\/types\/page"}],"author":[{"embeddable":true,"href":"https:\/\/www.kopi-online.de\/wordpress\/index.php?rest_route=\/wp\/v2\/users\/1"}],"replies":[{"embeddable":true,"href":"https:\/\/www.kopi-online.de\/wordpress\/index.php?rest_route=%2Fwp%2Fv2%2Fcomments&post=113"}],"version-history":[{"count":55,"href":"https:\/\/www.kopi-online.de\/wordpress\/index.php?rest_route=\/wp\/v2\/pages\/113\/revisions"}],"predecessor-version":[{"id":5679,"href":"https:\/\/www.kopi-online.de\/wordpress\/index.php?rest_route=\/wp\/v2\/pages\/113\/revisions\/5679"}],"wp:attachment":[{"href":"https:\/\/www.kopi-online.de\/wordpress\/index.php?rest_route=%2Fwp%2Fv2%2Fmedia&parent=113"}],"curies":[{"name":"wp","href":"https:\/\/api.w.org\/{rel}","templated":true}]}}